{"id":1633,"date":"2018-09-14T10:37:14","date_gmt":"2018-09-14T10:37:14","guid":{"rendered":"https:\/\/holmes.mikado-themes.com\/?page_id=1633"},"modified":"2025-10-02T11:35:30","modified_gmt":"2025-10-02T09:35:30","slug":"kontakt","status":"publish","type":"page","link":"https:\/\/www.skypromotion.cz\/en\/kontakt\/","title":{"rendered":"Contact"},"content":{"rendered":"<section class=\"wpb-content-wrapper\"><div class=\"mkdf-row-grid-section-wrapper mkdf-content-aligment-left\"  ><div class=\"mkdf-row-grid-section\"><div class=\"vc_row wpb_row vc_row-fluid vc_custom_1711377361209\" ><div class=\"wpb_column vc_column_container vc_col-sm-12 vc_col-lg-6 vc_col-md-12\"><div class=\"vc_column-inner\"><div class=\"wpb_wrapper\"><div class=\"mkdf-elements-holder   mkdf-one-column  mkdf-responsive-mode-768\" ><div class=\"mkdf-eh-item\"  data-item-class=\"mkdf-eh-custom-9630\" data-1367-1600=\"0 15% 0 0\" data-1025-1366=\"0 2% 0 0\" data-769-1024=\"0 0% 0 0\" data-681-768=\"0 0% 0 0\" data-680=\"0 0% 0 0\">\n\t<div class=\"mkdf-eh-item-inner\">\n\t\t<div class=\"mkdf-eh-item-content mkdf-eh-custom-9630\" style=\"padding: 0 17% 0 0\">\n\t\t\t<div class=\"mkdf-numbered-title-holder\">\n    <h5 class=\"mkdf-nt-title\" style=\"color: #000000\">\n        01.    <\/h5>\n    <div class=\"mkdf-nt-line\" style=\"background-color: #000000;width: 180px\"><\/div>\n    <h5 class=\"mkdf-nt-text\" style=\"color: #000000\">\n        Contact Us    <\/h5>\n<\/div><div class=\"vc_empty_space\"   style=\"height: 16px\"><span class=\"vc_empty_space_inner\"><\/span><\/div>\n\t<div class=\"wpb_text_column wpb_content_element\" >\n\t\t<div class=\"wpb_wrapper\">\n\t\t\t<h1><span style=\"color: #000000;\">Contact us for a no-obligation inquiry, we will always find a solution.<\/span><\/h1>\n\n\t\t<\/div>\n\t<\/div>\n<div class=\"vc_empty_space\"   style=\"height: 42px\"><span class=\"vc_empty_space_inner\"><\/span><\/div>\n\t<div class=\"wpb_text_column wpb_content_element\" >\n\t\t<div class=\"wpb_wrapper\">\n\t\t\t<p>Showroom Pardubice:<\/p>\n<p>SKY Promotion s.r.o.<br \/>\nSakarova 113<br \/>\n53003 PARDUBICE<\/p>\n<p><a href=\"https:\/\/calendar.app.google\/22962oXdSbKTkuMf8\" target=\"_blank\" rel=\"noopener\"><strong>REZERVOVAT SCH\u016eZKU<\/strong><\/a><\/p>\n<p>&nbsp;<\/p>\n<p>Sales Department:<\/p>\n<p><a href=\"mailto:obchod@skypromotion.cz\">obchod@skypromotion.cz<\/a><\/p>\n<p>mob.: +420 771 133 130<\/p>\n<p><a href=\"mailto:info@skypromotion.cz\">info@skypromotion.cz<\/a><\/p>\n<p>&nbsp;<\/p>\n<p>The company is registered in the Commercial Register at the Municipal Court in Prague, section C, file 209020.<\/p>\n<p>Bank Details: FIO Bank, a.s.<\/p>\n<p>Bank account number: 2300691973 \/ 2010<\/p>\n<p>IBAN:\u00a0CZ1620100000002300691973<\/p>\n<p>BIC:\u00a0FIOBCZPPXXX<\/p>\n<p>Datov\u00e1 schr\u00e1nka: t22txxd<\/p>\n\n\t\t<\/div>\n\t<\/div>\n<div class=\"vc_empty_space\"   style=\"height: 60px\"><span class=\"vc_empty_space_inner\"><\/span><\/div><div class=\"mkdf-fu\">\n\n\t        <span class=\"mkdf-fu__title\" >\n\t\t\tPropojme se        <\/span>\n\t\n    <h5 class=\"mkdf-fu__links\">\n\n\t\t            <a class=\"mkdf-fu__link\" href=\"https:\/\/www.facebook.com\/profile.php?id=100066224666676\" target=\"_blank\">\n\t\t\t\tFb.            <\/a>\n\t\t\n\t\t            <a class=\"mkdf-fu__link\" href=\"https:\/\/www.linkedin.com\/in\/milan-roudn\u00fd-5b89bb72\/\" target=\"_blank\">\n\t\t\t\tin.            <\/a>\n\t\t\n\t\t            <a class=\"mkdf-fu__link\" href=\"https:\/\/www.instagram.com\/sky_promotion\/\" target=\"_blank\">\n\t\t\t\tIg.            <\/a>\n\t\t\n\t\t\n    <\/h5>\n\n<\/div><div class=\"vc_empty_space\"   style=\"height: 50px\"><span class=\"vc_empty_space_inner\"><\/span><\/div>\t\t<\/div>\n\t<\/div>\n<\/div><\/div><\/div><\/div><\/div><div class=\"wpb_column vc_column_container vc_col-sm-12 vc_col-lg-6 vc_col-md-12\"><div class=\"vc_column-inner\"><div class=\"wpb_wrapper\"><div class=\"vc_empty_space\"   style=\"height: 15px\"><span class=\"vc_empty_space_inner\"><\/span><\/div>\n<div class=\"wpcf7 no-js\" id=\"wpcf7-f324-o1\" lang=\"en-US\" dir=\"ltr\" data-wpcf7-id=\"324\">\n<div class=\"screen-reader-response\"><p role=\"status\" aria-live=\"polite\" aria-atomic=\"true\"><\/p> <ul><\/ul><\/div>\n<form action=\"\/en\/wp-json\/wp\/v2\/pages\/1633#wpcf7-f324-o1\" method=\"post\" class=\"wpcf7-form init\" aria-label=\"Contact form\" enctype=\"multipart\/form-data\" novalidate=\"novalidate\" data-status=\"init\" data-trp-original-action=\"\/en\/wp-json\/wp\/v2\/pages\/1633#wpcf7-f324-o1\">\n<fieldset class=\"hidden-fields-container\"><input type=\"hidden\" name=\"_wpcf7\" value=\"324\" \/><input type=\"hidden\" name=\"_wpcf7_version\" value=\"6.1.5\" \/><input type=\"hidden\" name=\"_wpcf7_locale\" value=\"en_US\" \/><input type=\"hidden\" name=\"_wpcf7_unit_tag\" value=\"wpcf7-f324-o1\" \/><input type=\"hidden\" name=\"_wpcf7_container_post\" value=\"0\" \/><input type=\"hidden\" name=\"_wpcf7_posted_data_hash\" value=\"\" \/>\n<\/fieldset>\n<div class='mkdf-cf-custom mkdf-cf'>\n\t<p><span class=\"wpcf7-form-control-wrap\" data-name=\"text-423\"><input size=\"40\" maxlength=\"400\" class=\"wpcf7-form-control wpcf7-text wpcf7-validates-as-required\" aria-required=\"true\" aria-invalid=\"false\" placeholder=\"Your Name\" value=\"\" type=\"text\" name=\"text-423\" \/><\/span>\n\t<\/p>\n\t<p><span class=\"wpcf7-form-control-wrap\" data-name=\"email-475\"><input size=\"40\" maxlength=\"400\" class=\"wpcf7-form-control wpcf7-email wpcf7-validates-as-required wpcf7-text wpcf7-validates-as-email\" aria-required=\"true\" aria-invalid=\"false\" placeholder=\"E-mail\" value=\"\" type=\"email\" name=\"email-475\" \/><\/span>\n\t<\/p>\n\t<p><span class=\"wpcf7-form-control-wrap\" data-name=\"tel-188\"><input size=\"40\" maxlength=\"400\" class=\"wpcf7-form-control wpcf7-tel wpcf7-validates-as-required wpcf7-text wpcf7-validates-as-tel\" aria-required=\"true\" aria-invalid=\"false\" placeholder=\"Phone Number\" value=\"\" type=\"tel\" name=\"tel-188\" \/><\/span>\n\t<\/p>\n\t<p><span class=\"wpcf7-form-control-wrap\" data-name=\"textarea-372\"><textarea cols=\"40\" rows=\"6\" maxlength=\"2000\" class=\"wpcf7-form-control wpcf7-textarea\" aria-invalid=\"false\" placeholder=\"Please share a few details...\" name=\"textarea-372\"><\/textarea><\/span>\n\t<\/p>\n\t<div style=\"background: #f6f6f6; padding:25px\">\n\t\t<p><span class=\"wpcf7-form-control-wrap\" data-name=\"uploaded-file\"><input size=\"40\" class=\"wpcf7-form-control wpcf7-file\" accept=\"audio\/*,video\/*,image\/*\" aria-invalid=\"false\" type=\"file\" name=\"uploaded-file\" \/><\/span>\n\t\t<\/p>\n\t<\/div>\n\t<div style=\"margin-top: 25px\">\n\t\t<p>By submitting this form, you agree to <a href=\"\/en\/zasady-cookies-eu\/\" target=\"_blank\" style=\"text-decoration: underline;\">Our Privacy Policy<\/a>.\n\t\t<\/p>\n\t\t<p><span class=\"wpcf7-form-control-wrap\" data-name=\"checkbox-857\"><span class=\"wpcf7-form-control wpcf7-checkbox wpcf7-validates-as-required\"><span class=\"wpcf7-list-item first last\"><label><input type=\"checkbox\" name=\"checkbox-857[]\" value=\"Souhlas\u00edm\" \/><span class=\"wpcf7-list-item-label\">I agree<\/span><\/label><\/span><\/span><\/span>\n\t\t<\/p>\n\t<\/div>\n\t<div style=\"height: 50px\">\n\t<\/div>\n\t<div class=\"cf7-cf-turnstile\" style=\"margin-top: 0px; margin-bottom: -15px;\"> <div id=\"cf-turnstile-cf7-3132225126\" class=\"cf-turnstile\" data-sitekey=\"0x4AAAAAAAxJv8jTjvFRmp0S\" data-theme=\"light\" data-language=\"auto\" data-size=\"\" data-retry=\"auto\" data-retry-interval=\"1000\" data-refresh-expired=\"auto\" data-refresh-timeout=\"auto\" data-action=\"contact-form-7\" data-callback=\"turnstileCF7Callback\" data-appearance=\"always\"><\/div> <script>document.addEventListener(\"DOMContentLoaded\", function() { setTimeout(function(){ var e=document.getElementById(\"cf-turnstile-cf7-3132225126\"); if(e&&!e.innerHTML.trim()){turnstile.render(e, {sitekey:\"0x4AAAAAAAxJv8jTjvFRmp0S\"});} }, 200); });<\/script> <br class=\"cf-turnstile-br cf-turnstile-br-cf7-3132225126\"> <style>#cf-turnstile-cf7-3132225126 { margin-left: -15px; }<\/style> <script>document.addEventListener(\"DOMContentLoaded\",function(){document.querySelectorAll('.wpcf7-form').forEach(function(e){e.addEventListener('submit',function(){if(document.getElementById('cf-turnstile-cf7-3132225126')){setTimeout(function(){turnstile.reset('#cf-turnstile-cf7-3132225126');},1000)}})})});<\/script> <\/div>\n\t<p><button class=\"wpcf7-form-control wpcf7-submit mkdf-btn mkdf-btn-medium mkdf-btn-solid mkdf-btn-single-line\" type=\"submit\"><span class=\"mkdf-btn-text\">Send Message<\/span><\/button>\n\t<\/p>\n<\/div>\n<p><script>\ndocument.addEventListener('wpcf7mailsent', function(event) {\n if (event.detail.contactFormId == '423979d') {\n dataLayer.push({\n 'event': 'formSent',\n 'lead_type': window.location.href\n });\n }\n}, false);\n<\/script>\n<\/p><p style=\"display: none !important;\" class=\"akismet-fields-container\" data-prefix=\"_wpcf7_ak_\"><label>&#916;<textarea name=\"_wpcf7_ak_hp_textarea\" cols=\"45\" rows=\"8\" maxlength=\"100\"><\/textarea><\/label><input type=\"hidden\" id=\"ak_js_1\" name=\"_wpcf7_ak_js\" value=\"197\"\/><script>document.getElementById( \"ak_js_1\" ).setAttribute( \"value\", ( new Date() ).getTime() );<\/script><\/p><div class=\"wpcf7-response-output\" aria-hidden=\"true\"><\/div>\n<input type=\"hidden\" name=\"trp-form-language\" value=\"en\"\/><\/form>\n<\/div>\n<div class=\"vc_empty_space\"   style=\"height: 85px\"><span class=\"vc_empty_space_inner\"><\/span><\/div>\n\t<div class=\"wpb_text_column wpb_content_element\" >\n\t\t<div class=\"wpb_wrapper\">\n\t\t\t<p>Billing Information:<\/p>\n<p>SKY Promotion s.r.o.<\/p>\n<p>Hole\u010dkova 789\/49<\/p>\n<p>15000 Praha 5<\/p>\n<p>I\u010c: 01610112<\/p>\n<p>DI\u010c: CZ01610112<\/p>\n\n\t\t<\/div>\n\t<\/div>\n<\/div><\/div><\/div><\/div><\/div><\/div><div class=\"vc_row wpb_row vc_row-fluid vc_custom_1536922640828\" ><div class=\"wpb_column vc_column_container vc_col-sm-12\"><div class=\"vc_column-inner\"><div class=\"wpb_wrapper\"><div class=\"wpb_gmaps_widget wpb_content_element\"><div class=\"wpb_wrapper\"><div class=\"wpb_map_wraper\"><iframe src=\"https:\/\/www.google.com\/maps\/embed?pb=!1m18!1m12!1m3!1d2562.5636160195836!2d15.767831376456034!3d50.03827231695595!2m3!1f0!2f0!3f0!3m2!1i1024!2i768!4f13.1!3m3!1m2!1s0x470dcc954b90b7e5%3A0x90e8c8d1f6f15de1!2sSKY%20Promotion%20s.r.o.%20-%20reklamn%C3%AD%20agentura!5e0!3m2!1scs!2scz!4v1710306175088!5m2!1scs!2scz\" width=\"600\" height=\"450\" style=\"border:0;\" allowfullscreen=\"\" loading=\"lazy\" referrerpolicy=\"no-referrer-when-downgrade\"><\/iframe><\/div><\/div><\/div><\/div><\/div><\/div><\/div>\n<\/section>","protected":false},"excerpt":{"rendered":"01. Napi\u0161te n\u00e1m. Kontaktujte n\u00e1s pro nez\u00e1vaznou popt\u00e1vku, \u0159e\u0161en\u00ed v\u017edy najdeme. Showroom Pardubice: SKY Promotion s.r.o. Saka\u0159ova 113 53003 PARDUBICE REZERVOVAT SCH\u016eZKU &nbsp; Obchodn\u00ed odd\u011blen\u00ed: obchod@skypromotion.cz mob.: +420 771 133 130 info@skypromotion.cz &nbsp; Spole\u010dnost zaps\u00e1na v OR u M\u011bstsk\u00e9ho soudu v\u00a0\u00a0Praze, [...]","protected":false},"author":1,"featured_media":0,"parent":0,"menu_order":0,"comment_status":"closed","ping_status":"closed","template":"full-width.php","meta":{"footnotes":""},"class_list":["post-1633","page","type-page","status-publish","hentry"],"yoast_head":"<!-- This site is optimized with the Yoast SEO plugin v27.3 - https:\/\/yoast.com\/product\/yoast-seo-wordpress\/ -->\n<title>Kontakt - SKY Promotion<\/title>\n<meta name=\"description\" content=\"Kontaktujte n\u00e1s pro v\u00edce informac\u00ed o reklamn\u00edch p\u0159edm\u011btech, firemn\u00edm textilu a dal\u0161\u00edch slu\u017eb\u00e1ch. Jsme tu, abychom pomohli s va\u0161\u00edm projektem.\" \/>\n<meta name=\"robots\" content=\"index, follow, max-snippet:-1, max-image-preview:large, max-video-preview:-1\" \/>\n<link rel=\"canonical\" href=\"https:\/\/www.skypromotion.cz\/en\/kontakt\/\" \/>\n<meta property=\"og:locale\" content=\"en_GB\" \/>\n<meta property=\"og:type\" content=\"article\" \/>\n<meta property=\"og:title\" content=\"Kontakt - SKY Promotion\" \/>\n<meta property=\"og:description\" content=\"Kontaktujte n\u00e1s pro v\u00edce informac\u00ed o reklamn\u00edch p\u0159edm\u011btech, firemn\u00edm textilu a dal\u0161\u00edch slu\u017eb\u00e1ch. Jsme tu, abychom pomohli s va\u0161\u00edm projektem.\" \/>\n<meta property=\"og:url\" content=\"https:\/\/www.skypromotion.cz\/en\/kontakt\/\" \/>\n<meta property=\"og:site_name\" content=\"SKY Promotion\" \/>\n<meta property=\"article:modified_time\" content=\"2025-10-02T09:35:30+00:00\" \/>\n<meta property=\"og:image\" content=\"https:\/\/www.skypromotion.cz\/wp-content\/uploads\/2024\/03\/Primary-logo-400x150_long-BL-SP_24_-e1727174177763.png\" \/>\n\t<meta property=\"og:image:width\" content=\"397\" \/>\n\t<meta property=\"og:image:height\" content=\"149\" \/>\n\t<meta property=\"og:image:type\" content=\"image\/png\" \/>\n<meta name=\"twitter:card\" content=\"summary_large_image\" \/>\n<meta name=\"twitter:label1\" content=\"Estimated reading time\" \/>\n\t<meta name=\"twitter:data1\" content=\"1 minute\" \/>\n<script type=\"application\/ld+json\" class=\"yoast-schema-graph\">{\"@context\":\"https:\\\/\\\/schema.org\",\"@graph\":[{\"@type\":\"WebPage\",\"@id\":\"https:\\\/\\\/www.skypromotion.cz\\\/kontakt\\\/\",\"url\":\"https:\\\/\\\/www.skypromotion.cz\\\/kontakt\\\/\",\"name\":\"Kontakt - SKY Promotion\",\"isPartOf\":{\"@id\":\"https:\\\/\\\/www.skypromotion.cz\\\/#website\"},\"datePublished\":\"2018-09-14T10:37:14+00:00\",\"dateModified\":\"2025-10-02T09:35:30+00:00\",\"description\":\"Kontaktujte n\u00e1s pro v\u00edce informac\u00ed o reklamn\u00edch p\u0159edm\u011btech, firemn\u00edm textilu a dal\u0161\u00edch slu\u017eb\u00e1ch. Jsme tu, abychom pomohli s va\u0161\u00edm projektem.\",\"breadcrumb\":{\"@id\":\"https:\\\/\\\/www.skypromotion.cz\\\/kontakt\\\/#breadcrumb\"},\"inLanguage\":\"en-GB\",\"potentialAction\":[{\"@type\":\"ReadAction\",\"target\":[\"https:\\\/\\\/www.skypromotion.cz\\\/kontakt\\\/\"]}]},{\"@type\":\"BreadcrumbList\",\"@id\":\"https:\\\/\\\/www.skypromotion.cz\\\/kontakt\\\/#breadcrumb\",\"itemListElement\":[{\"@type\":\"ListItem\",\"position\":1,\"name\":\"Dom\u016f\",\"item\":\"https:\\\/\\\/www.skypromotion.cz\\\/\"},{\"@type\":\"ListItem\",\"position\":2,\"name\":\"Kontakt\"}]},{\"@type\":\"WebSite\",\"@id\":\"https:\\\/\\\/www.skypromotion.cz\\\/#website\",\"url\":\"https:\\\/\\\/www.skypromotion.cz\\\/\",\"name\":\"SKY Promotion\",\"description\":\"Pracovn\u00ed od\u011bvy, reklamn\u00ed textil, potisk a v\u00fd\u0161ivky, reklamn\u00ed p\u0159edm\u011bty a reklamn\u00ed agentura\",\"publisher\":{\"@id\":\"https:\\\/\\\/www.skypromotion.cz\\\/#organization\"},\"potentialAction\":[{\"@type\":\"SearchAction\",\"target\":{\"@type\":\"EntryPoint\",\"urlTemplate\":\"https:\\\/\\\/www.skypromotion.cz\\\/?s={search_term_string}\"},\"query-input\":{\"@type\":\"PropertyValueSpecification\",\"valueRequired\":true,\"valueName\":\"search_term_string\"}}],\"inLanguage\":\"en-GB\"},{\"@type\":\"Organization\",\"@id\":\"https:\\\/\\\/www.skypromotion.cz\\\/#organization\",\"name\":\"SKY Promotion s.r.o.\",\"url\":\"https:\\\/\\\/www.skypromotion.cz\\\/\",\"logo\":{\"@type\":\"ImageObject\",\"inLanguage\":\"en-GB\",\"@id\":\"https:\\\/\\\/www.skypromotion.cz\\\/#\\\/schema\\\/logo\\\/image\\\/\",\"url\":\"https:\\\/\\\/dev.skypromotion.cz\\\/wp-content\\\/uploads\\\/2024\\\/03\\\/Primary-logo-400x150_long-BL-SP_24_-e1727174177763.png\",\"contentUrl\":\"https:\\\/\\\/dev.skypromotion.cz\\\/wp-content\\\/uploads\\\/2024\\\/03\\\/Primary-logo-400x150_long-BL-SP_24_-e1727174177763.png\",\"width\":397,\"height\":149,\"caption\":\"SKY Promotion s.r.o.\"},\"image\":{\"@id\":\"https:\\\/\\\/www.skypromotion.cz\\\/#\\\/schema\\\/logo\\\/image\\\/\"}}]}<\/script>\n<!-- \/ Yoast SEO plugin. -->","yoast_head_json":{"title":"Kontakt - SKY Promotion","description":"Kontaktujte n\u00e1s pro v\u00edce informac\u00ed o reklamn\u00edch p\u0159edm\u011btech, firemn\u00edm textilu a dal\u0161\u00edch slu\u017eb\u00e1ch. Jsme tu, abychom pomohli s va\u0161\u00edm projektem.","robots":{"index":"index","follow":"follow","max-snippet":"max-snippet:-1","max-image-preview":"max-image-preview:large","max-video-preview":"max-video-preview:-1"},"canonical":"https:\/\/www.skypromotion.cz\/en\/kontakt\/","og_locale":"en_GB","og_type":"article","og_title":"Kontakt - SKY Promotion","og_description":"Kontaktujte n\u00e1s pro v\u00edce informac\u00ed o reklamn\u00edch p\u0159edm\u011btech, firemn\u00edm textilu a dal\u0161\u00edch slu\u017eb\u00e1ch. Jsme tu, abychom pomohli s va\u0161\u00edm projektem.","og_url":"https:\/\/www.skypromotion.cz\/en\/kontakt\/","og_site_name":"SKY Promotion","article_modified_time":"2025-10-02T09:35:30+00:00","og_image":[{"width":397,"height":149,"url":"https:\/\/www.skypromotion.cz\/wp-content\/uploads\/2024\/03\/Primary-logo-400x150_long-BL-SP_24_-e1727174177763.png","type":"image\/png"}],"twitter_card":"summary_large_image","twitter_misc":{"Estimated reading time":"1 minute"},"schema":{"@context":"https:\/\/schema.org","@graph":[{"@type":"WebPage","@id":"https:\/\/www.skypromotion.cz\/kontakt\/","url":"https:\/\/www.skypromotion.cz\/kontakt\/","name":"Kontakt - SKY Promotion","isPartOf":{"@id":"https:\/\/www.skypromotion.cz\/#website"},"datePublished":"2018-09-14T10:37:14+00:00","dateModified":"2025-10-02T09:35:30+00:00","description":"Kontaktujte n\u00e1s pro v\u00edce informac\u00ed o reklamn\u00edch p\u0159edm\u011btech, firemn\u00edm textilu a dal\u0161\u00edch slu\u017eb\u00e1ch. Jsme tu, abychom pomohli s va\u0161\u00edm projektem.","breadcrumb":{"@id":"https:\/\/www.skypromotion.cz\/kontakt\/#breadcrumb"},"inLanguage":"en-GB","potentialAction":[{"@type":"ReadAction","target":["https:\/\/www.skypromotion.cz\/kontakt\/"]}]},{"@type":"BreadcrumbList","@id":"https:\/\/www.skypromotion.cz\/kontakt\/#breadcrumb","itemListElement":[{"@type":"ListItem","position":1,"name":"Dom\u016f","item":"https:\/\/www.skypromotion.cz\/"},{"@type":"ListItem","position":2,"name":"Kontakt"}]},{"@type":"WebSite","@id":"https:\/\/www.skypromotion.cz\/#website","url":"https:\/\/www.skypromotion.cz\/","name":"SKY Promotion","description":"Pracovn\u00ed od\u011bvy, reklamn\u00ed textil, potisk a v\u00fd\u0161ivky, reklamn\u00ed p\u0159edm\u011bty a reklamn\u00ed agentura","publisher":{"@id":"https:\/\/www.skypromotion.cz\/#organization"},"potentialAction":[{"@type":"SearchAction","target":{"@type":"EntryPoint","urlTemplate":"https:\/\/www.skypromotion.cz\/?s={search_term_string}"},"query-input":{"@type":"PropertyValueSpecification","valueRequired":true,"valueName":"search_term_string"}}],"inLanguage":"en-GB"},{"@type":"Organization","@id":"https:\/\/www.skypromotion.cz\/#organization","name":"SKY Promotion s.r.o.","url":"https:\/\/www.skypromotion.cz\/","logo":{"@type":"ImageObject","inLanguage":"en-GB","@id":"https:\/\/www.skypromotion.cz\/#\/schema\/logo\/image\/","url":"https:\/\/dev.skypromotion.cz\/wp-content\/uploads\/2024\/03\/Primary-logo-400x150_long-BL-SP_24_-e1727174177763.png","contentUrl":"https:\/\/dev.skypromotion.cz\/wp-content\/uploads\/2024\/03\/Primary-logo-400x150_long-BL-SP_24_-e1727174177763.png","width":397,"height":149,"caption":"SKY Promotion s.r.o."},"image":{"@id":"https:\/\/www.skypromotion.cz\/#\/schema\/logo\/image\/"}}]}},"_links":{"self":[{"href":"https:\/\/www.skypromotion.cz\/en\/wp-json\/wp\/v2\/pages\/1633","targetHints":{"allow":["GET"]}}],"collection":[{"href":"https:\/\/www.skypromotion.cz\/en\/wp-json\/wp\/v2\/pages"}],"about":[{"href":"https:\/\/www.skypromotion.cz\/en\/wp-json\/wp\/v2\/types\/page"}],"author":[{"embeddable":true,"href":"https:\/\/www.skypromotion.cz\/en\/wp-json\/wp\/v2\/users\/1"}],"replies":[{"embeddable":true,"href":"https:\/\/www.skypromotion.cz\/en\/wp-json\/wp\/v2\/comments?post=1633"}],"version-history":[{"count":14,"href":"https:\/\/www.skypromotion.cz\/en\/wp-json\/wp\/v2\/pages\/1633\/revisions"}],"predecessor-version":[{"id":8664,"href":"https:\/\/www.skypromotion.cz\/en\/wp-json\/wp\/v2\/pages\/1633\/revisions\/8664"}],"wp:attachment":[{"href":"https:\/\/www.skypromotion.cz\/en\/wp-json\/wp\/v2\/media?parent=1633"}],"curies":[{"name":"wp","href":"https:\/\/api.w.org\/{rel}","templated":true}]}}